{"id":763,"date":"2018-06-28T01:14:33","date_gmt":"2018-06-28T04:14:33","guid":{"rendered":"https:\/\/isfd23-bue.infd.edu.ar\/sitio\/datos-institucionales\/"},"modified":"2023-11-22T19:55:06","modified_gmt":"2023-11-22T22:55:06","slug":"datos-institucionales","status":"publish","type":"page","link":"https:\/\/isfd23-bue.infd.edu.ar\/sitio\/datos-institucionales\/","title":{"rendered":"Datos institucionales"},"content":{"rendered":"<blockquote><p><span style=\"font-family: georgia, palatino, serif;\"><strong>Instituto Superior de Formaci\u00f3n Docente N\u00ba 23<\/strong><\/span><\/p>\n<p><span style=\"font-family: georgia, palatino, serif;\">\u00a0 \u00a0El Instituto Superior de Formaci\u00f3n Docente N\u00ba 23 se encuentra ubicado en el coraz\u00f3n de Luj\u00e1n, a pocas cuadras de la terminal de \u00f3mnibus, y en pleno centro de la ciudad. Es un Instituto terciario, de gesti\u00f3n estatal, dependiente del Ministerio de Educaci\u00f3n de la Provincia de Buenos Aires.<\/span><\/p>\n<p style=\"text-align: justify;\"><span style=\"font-family: georgia, palatino, serif;\">\u00a0 \u00a0Actualmente se dictan las carreras:<\/span><\/p>\n<ul style=\"text-align: justify;\">\n<li><span style=\"font-family: georgia, palatino, serif;\">Profesorado de Ingl\u00e9s<\/span><\/li>\n<li><span style=\"font-family: georgia, palatino, serif;\">Profesorado de Matem\u00e1tica<\/span><\/li>\n<li><span style=\"font-family: georgia, palatino, serif;\">Profesorado de Educaci\u00f3n Especial<\/span>\n<ul style=\"text-align: justify;\">\n<li>con Orientaci\u00f3n:\n<ul style=\"text-align: justify;\">\n<li><span style=\"font-family: georgia, palatino, serif;\">\u00a0Discapacidad Intelectual<\/span><\/li>\n<li><span style=\"font-family: georgia, palatino, serif;\">Sordos e Hipoac\u00fasicos<\/span><\/li>\n<li>Neuromotor<\/li>\n<li>Ciegos Disminuidos Visuales<\/li>\n<\/ul>\n<\/li>\n<\/ul>\n<\/li>\n<\/ul>\n<p style=\"text-align: justify;\"><span style=\"font-family: georgia, palatino, serif;\">\u00a0 \u00a0Cada una de las carreras tiene una duraci\u00f3n de 4 a\u00f1os. La cursada de las asignaturas es de <strong>lunes a viernes<\/strong> en el horario vespertino <strong>de 17:15 hs a 22:00 hs<\/strong>. La pr\u00e1ctica docente se realiza fuera de ese horario, en las instituciones destino del nivel que corresponda.<\/span><\/p>\n<p style=\"text-align: justify;\"><span style=\"font-family: georgia, palatino, serif;\">\u00a0 \u00a0Pod\u00e9s consultar m\u00e1s informaci\u00f3n acerc\u00e1ndote al Instituto, en la calle<strong> Lavalle N\u00ba 241<\/strong> o llamando al <strong>02323- 420191<\/strong>. Tambi\u00e9n a trav\u00e9s de la p\u00e1gina de Facebook: Instituto Superior de Formaci\u00f3n Docente N\u00b0 23.\u00a0<\/span><\/p>\n<ul>\n<li>\n<pre><span style=\"font-family: georgia, palatino, serif; font-size: small;\">E-mail de consultas: institutosfd23lujan@gmail.com<\/span><\/pre>\n<\/li>\n<\/ul>\n<\/blockquote>\n","protected":false},"excerpt":{"rendered":"<p>Instituto Superior de Formaci\u00f3n Docente N\u00ba 23 \u00a0 \u00a0El Instituto Superior de Formaci\u00f3n Docente N\u00ba 23 se encuentra ubicado en el coraz\u00f3n de Luj\u00e1n, a pocas cuadras de la terminal de \u00f3mnibus, y en pleno centro de la ciudad. Es un Instituto terciario, de gesti\u00f3n estatal, dependiente del Ministerio de Educaci\u00f3n de la Provincia de &#8230; <a title=\"Datos institucionales\" class=\"read-more\" href=\"https:\/\/isfd23-bue.infd.edu.ar\/sitio\/datos-institucionales\/\" aria-label=\"More on Datos institucionales\">[+]<\/a><\/p>\n","protected":false},"author":545,"featured_media":0,"parent":0,"menu_order":0,"comment_status":"closed","ping_status":"closed","template":"","meta":[],"acf":[],"_links":{"self":[{"href":"https:\/\/isfd23-bue.infd.edu.ar\/sitio\/wp-json\/wp\/v2\/pages\/763"}],"collection":[{"href":"https:\/\/isfd23-bue.infd.edu.ar\/sitio\/wp-json\/wp\/v2\/pages"}],"about":[{"href":"https:\/\/isfd23-bue.infd.edu.ar\/sitio\/wp-json\/wp\/v2\/types\/page"}],"author":[{"embeddable":true,"href":"https:\/\/isfd23-bue.infd.edu.ar\/sitio\/wp-json\/wp\/v2\/users\/545"}],"replies":[{"embeddable":true,"href":"https:\/\/isfd23-bue.infd.edu.ar\/sitio\/wp-json\/wp\/v2\/comments?post=763"}],"version-history":[{"count":2,"href":"https:\/\/isfd23-bue.infd.edu.ar\/sitio\/wp-json\/wp\/v2\/pages\/763\/revisions"}],"predecessor-version":[{"id":936,"href":"https:\/\/isfd23-bue.infd.edu.ar\/sitio\/wp-json\/wp\/v2\/pages\/763\/revisions\/936"}],"wp:attachment":[{"href":"https:\/\/isfd23-bue.infd.edu.ar\/sitio\/wp-json\/wp\/v2\/media?parent=763"}],"curies":[{"name":"wp","href":"https:\/\/api.w.org\/{rel}","templated":true}]}}