{"id":772,"date":"2018-06-28T01:14:36","date_gmt":"2018-06-28T04:14:36","guid":{"rendered":"https:\/\/isfd23-bue.infd.edu.ar\/sitio\/autoridades\/"},"modified":"2023-11-22T19:29:38","modified_gmt":"2023-11-22T22:29:38","slug":"autoridades","status":"publish","type":"page","link":"https:\/\/isfd23-bue.infd.edu.ar\/sitio\/autoridades\/","title":{"rendered":"Autoridades"},"content":{"rendered":"<p>Equipo directivo:<\/p>\n<ul>\n<li>Profesora a cargo de la Direcci\u00f3n: Helga Naredo<\/li>\n<li>Secretario: Sebasti\u00e1n Sierra<\/li>\n<li>Jefe de \u00c1rea de la carrera Profesorado en Matem\u00e1tica, Rub\u00e9n Scheffer<\/li>\n<li>Jefa de \u00c1rea de la carrera Profesorado en Educaci\u00f3n Especial, Emilia Berardoni<\/li>\n<\/ul>\n<p>Personal de Planta:<\/p>\n<ul>\n<li>Preceptor del Profesorado de Ingl\u00e9s: Daniel Scagliotti<\/li>\n<li>Preceptora del Profesorado de Matem\u00e1tica: Alicia Mabel Schwindt<\/li>\n<li>Preceptora del Profesorado de Educaci\u00f3n Especial: Claudia Coradeghine<\/li>\n<li>Preceptor, encargado de TICs: H\u00e9ctor Loggia<\/li>\n<li>Bibliotecaria: Silvana Giani<\/li>\n<li>Fonoaudiologas: Courtade Mirta y Rossi Claudia<\/li>\n<li>Equipo docente<\/li>\n<li>Personal auxiliar: Marina Morandi, Norma Eizaguirre, Mirta Carriquirey, Noemi Bravo<\/li>\n<\/ul>\n","protected":false},"excerpt":{"rendered":"<p>Equipo directivo: Profesora a cargo de la Direcci\u00f3n: Helga Naredo Secretario: Sebasti\u00e1n Sierra Jefe de \u00c1rea de la carrera Profesorado en Matem\u00e1tica, Rub\u00e9n Scheffer Jefa de \u00c1rea de la carrera Profesorado en Educaci\u00f3n Especial, Emilia Berardoni Personal de Planta: Preceptor del Profesorado de Ingl\u00e9s: Daniel Scagliotti Preceptora del Profesorado de Matem\u00e1tica: Alicia Mabel Schwindt Preceptora &#8230; <a title=\"Autoridades\" class=\"read-more\" href=\"https:\/\/isfd23-bue.infd.edu.ar\/sitio\/autoridades\/\" aria-label=\"More on Autoridades\">[+]<\/a><\/p>\n","protected":false},"author":545,"featured_media":0,"parent":0,"menu_order":0,"comment_status":"closed","ping_status":"closed","template":"","meta":[],"acf":[],"_links":{"self":[{"href":"https:\/\/isfd23-bue.infd.edu.ar\/sitio\/wp-json\/wp\/v2\/pages\/772"}],"collection":[{"href":"https:\/\/isfd23-bue.infd.edu.ar\/sitio\/wp-json\/wp\/v2\/pages"}],"about":[{"href":"https:\/\/isfd23-bue.infd.edu.ar\/sitio\/wp-json\/wp\/v2\/types\/page"}],"author":[{"embeddable":true,"href":"https:\/\/isfd23-bue.infd.edu.ar\/sitio\/wp-json\/wp\/v2\/users\/545"}],"replies":[{"embeddable":true,"href":"https:\/\/isfd23-bue.infd.edu.ar\/sitio\/wp-json\/wp\/v2\/comments?post=772"}],"version-history":[{"count":3,"href":"https:\/\/isfd23-bue.infd.edu.ar\/sitio\/wp-json\/wp\/v2\/pages\/772\/revisions"}],"predecessor-version":[{"id":932,"href":"https:\/\/isfd23-bue.infd.edu.ar\/sitio\/wp-json\/wp\/v2\/pages\/772\/revisions\/932"}],"wp:attachment":[{"href":"https:\/\/isfd23-bue.infd.edu.ar\/sitio\/wp-json\/wp\/v2\/media?parent=772"}],"curies":[{"name":"wp","href":"https:\/\/api.w.org\/{rel}","templated":true}]}}