{"id":784,"date":"2018-06-28T01:14:41","date_gmt":"2018-06-28T04:14:41","guid":{"rendered":"https:\/\/isfd23-bue.infd.edu.ar\/sitio\/inscripcion-2\/"},"modified":"2024-09-13T09:28:56","modified_gmt":"2024-09-13T12:28:56","slug":"inscripcion-2","status":"publish","type":"page","link":"https:\/\/isfd23-bue.infd.edu.ar\/sitio\/inscripcion-2\/","title":{"rendered":"Inscripci\u00f3n"},"content":{"rendered":"<table style=\"background-color: #ddeaf0; border-width: 1px; border-color: #5090b0;\" border=\"1\" width=\"100%\" cellspacing=\"0\" cellpadding=\"0\" align=\"center\">\n<tbody>\n<tr>\n<td style=\"height: 22px; border: #5090b0 1px solid;\">\n<p style=\"text-align: center;\"><span style=\"font-family: arial; font-size: small;\"><strong><span style=\"color: #3e748e;\"><span style=\"font-size: medium;\">Inscripci\u00f3n Ciclo Lectivo 2025 <br \/><\/span><\/span><\/strong><\/span><\/p>\n<\/td>\n<\/tr>\n<\/tbody>\n<\/table>\n\n\n<p><strong>\u00a0Periodo de inscripci\u00f3n:<\/strong> Del 1 al 30 de diciembre de 2024<\/p>\n\n\n\n<p><strong>Descripci\u00f3n del tr\u00e1mite:<\/strong><\/p>\n\n\n\n<p>Acercarse al Instituto con la siguiente documentaci\u00f3n:<\/p>\n\n\n\n<ul>\n<li>Fotocopia de t\u00edtulo secundario o certificado de t\u00edtulo en tr\u00e1mite<\/li>\n\n\n\n<li>Fotocopia de Documento<\/li>\n\n\n\n<li>Certificado de salud firmado por el m\u00e9dico<\/li>\n\n\n\n<li>Foto carnet<\/li>\n<\/ul>\n\n\n\n<p><\/p>\n","protected":false},"excerpt":{"rendered":"<p>Inscripci\u00f3n Ciclo Lectivo 2025 \u00a0Periodo de inscripci\u00f3n: Del 1 al 30 de diciembre de 2024 Descripci\u00f3n del tr\u00e1mite: Acercarse al Instituto con la siguiente documentaci\u00f3n:<\/p>\n","protected":false},"author":545,"featured_media":0,"parent":0,"menu_order":0,"comment_status":"closed","ping_status":"closed","template":"","meta":[],"acf":[],"_links":{"self":[{"href":"https:\/\/isfd23-bue.infd.edu.ar\/sitio\/wp-json\/wp\/v2\/pages\/784"}],"collection":[{"href":"https:\/\/isfd23-bue.infd.edu.ar\/sitio\/wp-json\/wp\/v2\/pages"}],"about":[{"href":"https:\/\/isfd23-bue.infd.edu.ar\/sitio\/wp-json\/wp\/v2\/types\/page"}],"author":[{"embeddable":true,"href":"https:\/\/isfd23-bue.infd.edu.ar\/sitio\/wp-json\/wp\/v2\/users\/545"}],"replies":[{"embeddable":true,"href":"https:\/\/isfd23-bue.infd.edu.ar\/sitio\/wp-json\/wp\/v2\/comments?post=784"}],"version-history":[{"count":1,"href":"https:\/\/isfd23-bue.infd.edu.ar\/sitio\/wp-json\/wp\/v2\/pages\/784\/revisions"}],"predecessor-version":[{"id":980,"href":"https:\/\/isfd23-bue.infd.edu.ar\/sitio\/wp-json\/wp\/v2\/pages\/784\/revisions\/980"}],"wp:attachment":[{"href":"https:\/\/isfd23-bue.infd.edu.ar\/sitio\/wp-json\/wp\/v2\/media?parent=784"}],"curies":[{"name":"wp","href":"https:\/\/api.w.org\/{rel}","templated":true}]}}