{"id":792,"date":"2018-06-28T01:14:43","date_gmt":"2018-06-28T04:14:43","guid":{"rendered":"https:\/\/isfd23-bue.infd.edu.ar\/sitio\/apto-fonoaudiologico\/"},"modified":"2023-11-22T20:34:34","modified_gmt":"2023-11-22T23:34:34","slug":"apto-fonoaudiologico","status":"publish","type":"page","link":"https:\/\/isfd23-bue.infd.edu.ar\/sitio\/apto-fonoaudiologico\/","title":{"rendered":"Apto Fonoaudiol\u00f3gico"},"content":{"rendered":"<p>Durante el transcurso del primer a\u00f1o de la carrera todos los estudiantes deber\u00e1n tramitar el certificado de Aptitud\u00a0Fonoaudiol\u00f3gica. Este tr\u00e1mite es considerado como una materia de 1\u00ba primer a\u00f1o correlativa con la<\/p>\n<p>Para obtener el apto es necesario:<\/p>\n<p><strong>1\u00ba) Tramitar la aptitud otorrinolaringol\u00f3gica<\/strong><\/p>\n<p>El alumno concurrir\u00e1 a una consulta con m\u00e9dico especialista en otorrinolaringolog\u00eda (garganta, nariz y o\u00eddos) para que el profesional eval\u00fae el estado an\u00e1tomo-funcional de las Cuerdas Vocales, completando el <a title=\"APTO OTORRINO\" href=\"upload\/APTO1.pdf\" target=\"_blank\" rel=\"noopener\">formulario <\/a>correspondiente.<\/p>\n<p><strong>2\u00ba) Tramitar la aptitud fonoaudiol\u00f3gica<\/strong><\/p>\n<p>Esta evaluaci\u00f3n se realizar\u00e1 en el Instituto.<\/p>\n<p>Para acceder a la entrevista con la Fonoaudi\u00f3loga deber\u00e1 solicitar turno a la Preceptora de la Carrera correspondiente.<\/p>\n<p>El d\u00eda de la entrevista deber\u00e1 traer el certificado expedido por el m\u00e9dico ORL y el <a title=\"APTO FONO\" href=\"upload\/APTO2.pdf\" target=\"_blank\" rel=\"noopener\">formulario <\/a>para ser completado por la\u00a0Fonoaudi\u00f3loga.<\/p>\n<p>La\u00a0Fonoaudi\u00f3loga\u00a0 realizar\u00e1 el examen correspondiente completando una ficha de uso interno que deber\u00e1 ser firmada por el alumno.<\/p>\n<p>El cumplimiento de este tr\u00e1mite es OBLIGATORIO para poder cursar la pr\u00e1ctica de segundo a\u00f1o.<\/p>\n<p>La constancia final para el alumno quedar\u00e1 acreditada en su libreta de calificaciones, la cual deber\u00e1 traer a la entrevista.<\/p>\n<p>PROCEDIMIEMTO PARA LA OBTENCION:\u00a0 <a href=\"https:\/\/isfd23-bue.infd.edu.ar\/sitio\/wp-content\/uploads\/2021\/05\/Aptitud-Fonoaudiologica-2021.pdf\">Aptitud Fonoaudiologica 2021<\/a><\/p>\n","protected":false},"excerpt":{"rendered":"<p>Durante el transcurso del primer a\u00f1o de la carrera todos los estudiantes deber\u00e1n tramitar el certificado de Aptitud\u00a0Fonoaudiol\u00f3gica. Este tr\u00e1mite es considerado como una materia de 1\u00ba primer a\u00f1o correlativa con la Para obtener el apto es necesario: 1\u00ba) Tramitar la aptitud otorrinolaringol\u00f3gica El alumno concurrir\u00e1 a una consulta con m\u00e9dico especialista en otorrinolaringolog\u00eda (garganta, &#8230; <a title=\"Apto Fonoaudiol\u00f3gico\" class=\"read-more\" href=\"https:\/\/isfd23-bue.infd.edu.ar\/sitio\/apto-fonoaudiologico\/\" aria-label=\"More on Apto Fonoaudiol\u00f3gico\">[+]<\/a><\/p>\n","protected":false},"author":545,"featured_media":0,"parent":0,"menu_order":0,"comment_status":"closed","ping_status":"closed","template":"","meta":[],"acf":[],"_links":{"self":[{"href":"https:\/\/isfd23-bue.infd.edu.ar\/sitio\/wp-json\/wp\/v2\/pages\/792"}],"collection":[{"href":"https:\/\/isfd23-bue.infd.edu.ar\/sitio\/wp-json\/wp\/v2\/pages"}],"about":[{"href":"https:\/\/isfd23-bue.infd.edu.ar\/sitio\/wp-json\/wp\/v2\/types\/page"}],"author":[{"embeddable":true,"href":"https:\/\/isfd23-bue.infd.edu.ar\/sitio\/wp-json\/wp\/v2\/users\/545"}],"replies":[{"embeddable":true,"href":"https:\/\/isfd23-bue.infd.edu.ar\/sitio\/wp-json\/wp\/v2\/comments?post=792"}],"version-history":[{"count":3,"href":"https:\/\/isfd23-bue.infd.edu.ar\/sitio\/wp-json\/wp\/v2\/pages\/792\/revisions"}],"predecessor-version":[{"id":942,"href":"https:\/\/isfd23-bue.infd.edu.ar\/sitio\/wp-json\/wp\/v2\/pages\/792\/revisions\/942"}],"wp:attachment":[{"href":"https:\/\/isfd23-bue.infd.edu.ar\/sitio\/wp-json\/wp\/v2\/media?parent=792"}],"curies":[{"name":"wp","href":"https:\/\/api.w.org\/{rel}","templated":true}]}}