{"id":806,"date":"2018-06-28T01:14:47","date_gmt":"2018-06-28T04:14:47","guid":{"rendered":"https:\/\/isfd23-bue.infd.edu.ar\/sitio\/nuevo-plan-de-estudios-2\/"},"modified":"2024-03-15T18:58:37","modified_gmt":"2024-03-15T21:58:37","slug":"nuevo-plan-de-estudios-2","status":"publish","type":"page","link":"https:\/\/isfd23-bue.infd.edu.ar\/sitio\/nuevo-plan-de-estudios-2\/","title":{"rendered":"Nuevo Plan de Estudios resol: 1860\/17"},"content":{"rendered":"<p><span style=\"font-family: verdana, geneva; font-size: small;\">\u00a0<\/span><\/p>\n<table style=\"background-color: #ddeaf0; border-width: 1px; border-color: #5090b0;\" border=\"1\" width=\"100%\" cellspacing=\"0\" cellpadding=\"0\" align=\"center\">\n<tbody>\n<tr>\n<td style=\"height: 22px; border: #5090b0 1px solid;\"><span style=\"font-family: arial; font-size: small;\"><strong><span style=\"color: #3e748e;\"><span style=\"font-size: medium;\">Profesorado de Ingl\u00e9s\u00a0<\/span><\/span><\/strong><\/span><\/td>\n<\/tr>\n<\/tbody>\n<\/table>\n<table style=\"border: #5090b0 1px solid;\" border=\"1\" width=\"100%\" cellspacing=\"0\" cellpadding=\"0\" align=\"center\">\n<tbody>\n<tr style=\"height: 17px;\" align=\"center\" valign=\"middle\">\n<td style=\"width: 64%; background-color: #ddeaf0; border: 1px solid #5090b0; height: 17px;\" align=\"center\" valign=\"middle\"><span style=\"font-family: verdana, geneva; font-size: small;\"><span style=\"color: #3e748e;\"><strong>\u00a0Primer a\u00f1o\u00a0<\/strong><\/span><\/span><\/td>\n<\/tr>\n<tr style=\"height: 17px;\" align=\"center\" valign=\"middle\">\n<td style=\"width: 64%; border: 1px solid #5090b0; height: 17px;\" align=\"center\" valign=\"middle\">PEDAGOG\u00cdA<\/td>\n<\/tr>\n<tr style=\"height: 17px;\" align=\"center\" valign=\"middle\">\n<td style=\"width: 64%; border: 1px solid #5090b0; height: 17px;\" align=\"center\" valign=\"middle\">DID\u00c1CTICA GENERAL<\/td>\n<\/tr>\n<tr style=\"height: 17px;\" align=\"center\" valign=\"middle\">\n<td style=\"width: 64%; border: 1px solid #5090b0; height: 17px;\" align=\"center\" valign=\"middle\">PROBLEM\u00c1TICAS SOCIOINSTITUCIONALES<\/td>\n<\/tr>\n<tr style=\"height: 17px;\" align=\"center\" valign=\"middle\">\n<td style=\"width: 64%; border: 1px solid #5090b0; height: 17px;\" align=\"center\" valign=\"middle\">PR\u00c1CTICAS DISCURSIVAS DE LA COMUNICACI\u00d3N ORAL I<\/td>\n<\/tr>\n<tr style=\"height: 17px;\" align=\"center\" valign=\"middle\">\n<td style=\"width: 64%; border: 1px solid #5090b0; height: 17px;\" align=\"center\" valign=\"middle\"><a href=\"upload\/Practicas_Discursivas_de_la_Comunicacion_Escrita_I.pdf\" target=\"_blank\" rel=\"noopener\">PR\u00c1CTICAS DISCURSIVAS DE LA COMUNICACI\u00d3N ESCRITA I<\/a><\/td>\n<\/tr>\n<tr style=\"height: 17px;\" align=\"center\" valign=\"middle\">\n<td style=\"width: 64%; border: 1px solid #5090b0; height: 17px;\" align=\"center\" valign=\"middle\">PR\u00c1CTICAS DISCURSIVAS DEL \u00c1MBITO ACAD\u00c9MICO EN ESPA\u00d1OL<\/td>\n<\/tr>\n<tr style=\"height: 17px;\" align=\"center\" valign=\"middle\">\n<td style=\"width: 64%; border: 1px solid #5090b0; height: 17px;\" align=\"center\" valign=\"middle\">INTRODUCCI\u00d3N AL INGL\u00c9S CON FINES ACAD\u00c9MICOS<\/td>\n<\/tr>\n<tr style=\"height: 17px;\" align=\"center\" valign=\"middle\">\n<td style=\"width: 64%; border: 1px solid #5090b0; height: 17px;\" align=\"center\" valign=\"middle\">ESTUDIOS INTERCULTURALES EN LENGUA INGLESA I<\/td>\n<\/tr>\n<tr style=\"height: 17px;\" align=\"center\" valign=\"middle\">\n<td style=\"width: 64%; border: 1px solid #5090b0; height: 17px;\" align=\"center\" valign=\"middle\">CFPP 1 COMPONENTES DEL TRABAJO DOCENTE<\/td>\n<\/tr>\n<tr style=\"height: 17px;\" align=\"center\" valign=\"middle\">\n<td style=\"width: 64%; background-color: #ddeaf0; border: 1px solid #5090b0; height: 17px;\" align=\"center\" valign=\"middle\"><span style=\"color: #3e748e; font-family: verdana, geneva; font-size: small;\"><strong>Segundo a\u00f1o<\/strong><\/span><\/td>\n<\/tr>\n<tr style=\"height: 17px;\" align=\"center\" valign=\"middle\">\n<td style=\"width: 64%; border: 1px solid #5090b0; height: 17px;\" align=\"center\" valign=\"middle\">HISTORIA Y POL\u00cdTICA ARGENTINA<\/td>\n<\/tr>\n<tr style=\"height: 17px;\" align=\"center\" valign=\"middle\">\n<td style=\"width: 64%; border: 1px solid #5090b0; height: 17px;\" align=\"center\" valign=\"middle\">ENSE\u00d1AR CON TECNOLOG\u00cdAS<\/td>\n<\/tr>\n<tr style=\"height: 17px;\" align=\"center\" valign=\"middle\">\n<td style=\"width: 64%; border: 1px solid #5090b0; height: 17px;\" align=\"center\" valign=\"middle\">PERSPECTIVAS ACERCA DE LOS SUJETOS DE LA EDUCACI\u00d3N<\/td>\n<\/tr>\n<tr style=\"height: 17px;\" align=\"center\" valign=\"middle\">\n<td style=\"width: 64%; border: 1px solid #5090b0; height: 17px;\" align=\"center\" valign=\"middle\">PR\u00c1CTICAS DISCURSIVAS DE LA COMUNICACI\u00d3N ORAL II<\/td>\n<\/tr>\n<tr style=\"height: 17px;\" align=\"center\" valign=\"middle\">\n<td style=\"width: 64%; border: 1px solid #5090b0; height: 17px;\" align=\"center\" valign=\"middle\">PR\u00c1CTICAS DISCURSIVAS DE LA COMUNICACI\u00d3N ESCRITA II<\/td>\n<\/tr>\n<tr style=\"height: 17px;\" align=\"center\" valign=\"middle\">\n<td style=\"width: 64%; border: 1px solid #5090b0; height: 17px;\" align=\"center\" valign=\"middle\">FUNDAMENTOS DE LA ENSE\u00d1ANZA Y APRENDIZAJE DEL INGL\u00c9S I<\/td>\n<\/tr>\n<tr style=\"height: 17px;\" align=\"center\" valign=\"middle\">\n<td style=\"width: 64%; border: 1px solid #5090b0; height: 17px;\" align=\"center\" valign=\"middle\">LITERATURA EN LENGUA INGLESA Y NI\u00d1EZ<\/td>\n<\/tr>\n<tr style=\"height: 17px;\" align=\"center\" valign=\"middle\">\n<td style=\"width: 64%; border: 1px solid #5090b0; height: 17px;\" align=\"center\" valign=\"middle\">ESTUDIOS INTERCULTURALES EN LENGUA INGLESA II<\/td>\n<\/tr>\n<tr style=\"height: 17px;\" align=\"center\" valign=\"middle\">\n<td style=\"width: 64%; border: 1px solid #5090b0; height: 17px;\" align=\"center\" valign=\"middle\">CFPP 2 LA CONSTRUCCI\u00d3N DEL TRABAJO DOCENTE EN LA ESCUELA PRIMARIA Y SECUNDARIA<\/td>\n<\/tr>\n<tr style=\"height: 17px;\" align=\"center\" valign=\"middle\">\n<td style=\"width: 64%; background-color: #ddeaf0; border: 1px solid #5090b0; height: 17px;\" align=\"center\" valign=\"middle\"><span style=\"font-family: verdana, geneva; font-size: small;\">\u00a0<strong><span style=\"color: #3e748e;\">Tercer A\u00f1o<\/span><\/strong><\/span><\/td>\n<\/tr>\n<tr style=\"height: 17px;\" align=\"center\" valign=\"middle\">\n<td style=\"width: 64%; border: 1px solid #5090b0; height: 17px;\" align=\"center\" valign=\"middle\">EDUCACI\u00d3N PARA LA DIVERSIDAD<\/td>\n<\/tr>\n<tr style=\"height: 17px;\" align=\"center\" valign=\"middle\">\n<td style=\"width: 64%; border: 1px solid #5090b0; height: 17px;\" align=\"center\" valign=\"middle\">FILOSOF\u00cdA Y EDUCACI\u00d3N<\/td>\n<\/tr>\n<tr style=\"height: 17px;\" align=\"center\" valign=\"middle\">\n<td style=\"width: 64%; border: 1px solid #5090b0; height: 17px;\" align=\"center\" valign=\"middle\">EVALUACI\u00d3N DE LOS APRENDIZAJES<\/td>\n<\/tr>\n<tr style=\"height: 17px;\" align=\"center\" valign=\"middle\">\n<td style=\"width: 64%; border: 1px solid #5090b0; height: 17px;\" align=\"center\" valign=\"middle\">OPTATIVA1: NIVEL 1 DE INGL\u00c9S<\/td>\n<\/tr>\n<tr style=\"height: 17px;\" align=\"center\" valign=\"middle\">\n<td style=\"width: 64%; border: 1px solid #5090b0; height: 17px;\" align=\"center\" valign=\"middle\">OPTATIVA2: NARRATIVA PEDAG\u00d3GICA<\/td>\n<\/tr>\n<tr style=\"height: 17px;\" align=\"center\" valign=\"middle\">\n<td style=\"width: 64%; border: 1px solid #5090b0; height: 17px;\" align=\"center\" valign=\"middle\">PR\u00c1CTICAS DISCURSIVAS DE LA COMUNICACI\u00d3N ORAL III<\/td>\n<\/tr>\n<tr style=\"height: 17px;\" align=\"center\" valign=\"middle\">\n<td style=\"width: 64%; border: 1px solid #5090b0; height: 17px;\" align=\"center\" valign=\"middle\">PR\u00c1CTICAS DISCURSIVAS DE LA COMUNICACI\u00d3N ESCRITA III<\/td>\n<\/tr>\n<tr style=\"height: 17px;\" align=\"center\" valign=\"middle\">\n<td style=\"width: 64%; border: 1px solid #5090b0; height: 17px;\" align=\"center\" valign=\"middle\">FUNDAMENTOS DE LA ENSE\u00d1ANZA Y APRENDIZAJE DEL INGL\u00c9S II<\/td>\n<\/tr>\n<tr style=\"height: 17px;\" align=\"center\" valign=\"middle\">\n<td style=\"width: 64%; border: 1px solid #5090b0; height: 17px;\" align=\"center\" valign=\"middle\">LITERATURA EN LENGUA INGLESA Y JUVENTUD<\/td>\n<\/tr>\n<tr style=\"height: 17px;\" align=\"center\" valign=\"middle\">\n<td style=\"width: 64%; border: 1px solid #5090b0; height: 17px;\" align=\"center\" valign=\"middle\">ESTUDIOS INTERCULTURALES EN LENGUA INGLESA III<\/td>\n<\/tr>\n<tr style=\"height: 17px;\" align=\"center\" valign=\"middle\">\n<td style=\"width: 64%; border: 1px solid #5090b0; height: 17px;\" align=\"center\" valign=\"middle\">CFPP 3: LA CONSTRUCCI\u00d3N DEL ROL DOCENTE EN LA ENSE\u00d1ANZA EN EL NIVEL PRIMARIO<\/td>\n<\/tr>\n<tr style=\"height: 17px;\" align=\"center\" valign=\"middle\">\n<td style=\"width: 64%; background-color: #ddeaf0; border: 1px solid #5090b0; height: 17px;\" align=\"center\" valign=\"middle\"><span style=\"font-family: verdana, geneva; font-size: small;\">\u00a0<strong><span style=\"color: #3e748e;\">Cuarto A\u00f1o<\/span><\/strong><\/span><\/td>\n<\/tr>\n<tr style=\"height: 17px;\" align=\"center\" valign=\"middle\">\n<td style=\"width: 64%; border: 1px solid #5090b0; height: 17px;\" align=\"center\" valign=\"middle\">AN\u00c1LISIS E INTERVENCI\u00d3N EN SITUACIONES DE CONVIVENCIA ESCOLAR<\/td>\n<\/tr>\n<tr style=\"height: 17px;\" align=\"center\" valign=\"middle\">\n<td style=\"width: 64%; border: 1px solid #5090b0; height: 17px;\" align=\"center\" valign=\"middle\">ESPACIO DE DEFINICI\u00d3N INSTITUCIONAL<\/td>\n<\/tr>\n<tr style=\"height: 17px;\" align=\"center\" valign=\"middle\">\n<td style=\"width: 64%; border: 1px solid #5090b0; height: 17px;\" align=\"center\" valign=\"middle\">TUTOR\u00cdAS Y ORIENTACI\u00d3N ESCOLAR<\/td>\n<\/tr>\n<tr style=\"height: 15px;\" align=\"center\" valign=\"middle\">\n<td style=\"width: 64%; border: 1px solid #5090b0; height: 15px;\" align=\"center\" valign=\"middle\">PR\u00c1CTICAS DISCURSIVAS DE LA COMUNICACI\u00d3N ORAL IV<\/td>\n<\/tr>\n<tr style=\"height: 17px;\" align=\"center\" valign=\"middle\">\n<td style=\"width: 64%; border: 1px solid #5090b0; height: 17px;\" align=\"center\" valign=\"middle\">PR\u00c1CTICAS DISCURSIVAS DE LA COMUNICACI\u00d3N ESCRITA IV<\/td>\n<\/tr>\n<tr style=\"height: 17px;\" align=\"center\" valign=\"middle\">\n<td style=\"width: 64%; border: 1px solid #5090b0; height: 17px;\" align=\"center\" valign=\"middle\">FUNDAMENTOS DE LA ENSE\u00d1ANZA Y APRENDIZAJE DEL INGL\u00c9S III<\/td>\n<\/tr>\n<tr style=\"height: 17px;\" align=\"center\" valign=\"middle\">\n<td style=\"width: 64%; border: 1px solid #5090b0; height: 17px;\" align=\"center\" valign=\"middle\">ESTUDIOS INTERCULTURALES EN LENGUA INGLESA IV<\/td>\n<\/tr>\n<tr style=\"height: 17px;\" align=\"center\" valign=\"middle\">\n<td style=\"width: 64%; border: 1px solid #5090b0; height: 17px;\" align=\"center\" valign=\"middle\">CFPP 4 LA CONSTRUCCI\u00d3N DEL ROL DOCENTE EN LA ENSE\u00d1ANZA EN EL NIVEL SECUNDARIO<\/td>\n<\/tr>\n<\/tbody>\n<\/table>\n<p>Descargar <a title=\"Nuevo Plan de Estudios Ingl\u00e9s\" href=\"upload\/Nuevo_Plan_de_Estudios_Ingles.pdf\" target=\"_blank\" rel=\"noopener\">Plan de estudios<\/a><\/p>\n<p><span style=\"font-size: small;\">\u00a0<\/span><\/p>\n\n\n<p><strong><mark style=\"background-color:rgba(0, 0, 0, 0)\" class=\"has-inline-color has-contrast-color\">CORRELATIVIDADES INGLES <\/mark><\/strong><\/p>\n\n\n\n<figure class=\"wp-block-image size-full\"><img decoding=\"async\" loading=\"lazy\" width=\"780\" height=\"1040\" src=\"https:\/\/isfd23-bue.infd.edu.ar\/sitio\/wp-content\/uploads\/2024\/03\/CORRELATIVAS-2.jpeg\" alt=\"\" class=\"wp-image-957\" srcset=\"https:\/\/isfd23-bue.infd.edu.ar\/sitio\/wp-content\/uploads\/2024\/03\/CORRELATIVAS-2.jpeg 780w, https:\/\/isfd23-bue.infd.edu.ar\/sitio\/wp-content\/uploads\/2024\/03\/CORRELATIVAS-2-750x1000.jpeg 750w, https:\/\/isfd23-bue.infd.edu.ar\/sitio\/wp-content\/uploads\/2024\/03\/CORRELATIVAS-2-768x1024.jpeg 768w\" sizes=\"(max-width: 780px) 100vw, 780px\" \/><\/figure>\n\n\n\n<figure class=\"wp-block-image size-full\"><img decoding=\"async\" loading=\"lazy\" width=\"780\" height=\"1040\" src=\"https:\/\/isfd23-bue.infd.edu.ar\/sitio\/wp-content\/uploads\/2024\/03\/CORRELATIVAS-1.jpeg\" alt=\"\" class=\"wp-image-956\" srcset=\"https:\/\/isfd23-bue.infd.edu.ar\/sitio\/wp-content\/uploads\/2024\/03\/CORRELATIVAS-1.jpeg 780w, https:\/\/isfd23-bue.infd.edu.ar\/sitio\/wp-content\/uploads\/2024\/03\/CORRELATIVAS-1-750x1000.jpeg 750w, https:\/\/isfd23-bue.infd.edu.ar\/sitio\/wp-content\/uploads\/2024\/03\/CORRELATIVAS-1-768x1024.jpeg 768w\" sizes=\"(max-width: 780px) 100vw, 780px\" \/><\/figure>\n","protected":false},"excerpt":{"rendered":"<p>\u00a0 Profesorado de Ingl\u00e9s\u00a0 \u00a0Primer a\u00f1o\u00a0 PEDAGOG\u00cdA DID\u00c1CTICA GENERAL PROBLEM\u00c1TICAS SOCIOINSTITUCIONALES PR\u00c1CTICAS DISCURSIVAS DE LA COMUNICACI\u00d3N ORAL I PR\u00c1CTICAS DISCURSIVAS DE LA COMUNICACI\u00d3N ESCRITA I PR\u00c1CTICAS DISCURSIVAS DEL \u00c1MBITO ACAD\u00c9MICO EN ESPA\u00d1OL INTRODUCCI\u00d3N AL INGL\u00c9S CON FINES ACAD\u00c9MICOS ESTUDIOS INTERCULTURALES EN LENGUA INGLESA I CFPP 1 COMPONENTES DEL TRABAJO DOCENTE Segundo a\u00f1o HISTORIA Y POL\u00cdTICA &#8230; <a title=\"Nuevo Plan de Estudios resol: 1860\/17\" class=\"read-more\" href=\"https:\/\/isfd23-bue.infd.edu.ar\/sitio\/nuevo-plan-de-estudios-2\/\" aria-label=\"More on Nuevo Plan de Estudios resol: 1860\/17\">[+]<\/a><\/p>\n","protected":false},"author":545,"featured_media":0,"parent":0,"menu_order":0,"comment_status":"closed","ping_status":"closed","template":"","meta":[],"acf":[],"_links":{"self":[{"href":"https:\/\/isfd23-bue.infd.edu.ar\/sitio\/wp-json\/wp\/v2\/pages\/806"}],"collection":[{"href":"https:\/\/isfd23-bue.infd.edu.ar\/sitio\/wp-json\/wp\/v2\/pages"}],"about":[{"href":"https:\/\/isfd23-bue.infd.edu.ar\/sitio\/wp-json\/wp\/v2\/types\/page"}],"author":[{"embeddable":true,"href":"https:\/\/isfd23-bue.infd.edu.ar\/sitio\/wp-json\/wp\/v2\/users\/545"}],"replies":[{"embeddable":true,"href":"https:\/\/isfd23-bue.infd.edu.ar\/sitio\/wp-json\/wp\/v2\/comments?post=806"}],"version-history":[{"count":2,"href":"https:\/\/isfd23-bue.infd.edu.ar\/sitio\/wp-json\/wp\/v2\/pages\/806\/revisions"}],"predecessor-version":[{"id":958,"href":"https:\/\/isfd23-bue.infd.edu.ar\/sitio\/wp-json\/wp\/v2\/pages\/806\/revisions\/958"}],"wp:attachment":[{"href":"https:\/\/isfd23-bue.infd.edu.ar\/sitio\/wp-json\/wp\/v2\/media?parent=806"}],"curies":[{"name":"wp","href":"https:\/\/api.w.org\/{rel}","templated":true}]}}